{"id":92,"date":"2025-03-17T10:18:32","date_gmt":"2025-03-17T09:18:32","guid":{"rendered":"https:\/\/ausgesprochen-muellem.de\/?page_id=92"},"modified":"2026-03-18T15:55:40","modified_gmt":"2026-03-18T14:55:40","slug":"drogenkauf","status":"publish","type":"page","link":"https:\/\/ausgesprochen-muellem.de\/index.php\/drogenkauf\/","title":{"rendered":"www.Ausgesprochen-Muellem.de &#8211; Der Podcast Gesellschaft &#8211; Kultur &#8211; Gesundheit."},"content":{"rendered":"\n<p>Hier folgt in k\u00fcrze der K\u00f6ln-M\u00fclheim bezogene Podcast.<\/p>\n\n\n\n<h1 class=\"wp-block-heading\">Der Podcast<\/h1>\n\n\n\n<p>In unserem Podcast \u201eAusgesprochen Muellem\u201c bringt Henning G\u00fcnster vielf\u00e4ltigen Stimmen der Pflegewelt zusammen. Wir m\u00f6chten mit diesem Podcast ein Bewusstsein f\u00fcr die Themen Kultur, Gesellschaft und Gesundheit schaffen. Wir haben die M\u00f6glichkeit genutzt, einige Stimmen von Pflegenden einzufangen, die ihre Gedanken und Erfahrungen zu diesem Thema zu teilen. <\/p>\n\n\n\n<h2 class=\"wp-block-heading\">Was ist der Ausgesprochen Muellem Podcast?<\/h2>\n\n\n\n<p><\/p>\n\n\n\n<h2 class=\"wp-block-heading\">Zielgruppe<\/h2>\n\n\n\n<p>In unserer schnelllebigen Zeit haben viele Menschen vergessen  Zeit und Gesundheit ist unbezahlbar. Grade die Menschen die in der Pflege arbeiten sind damit jeden Tag konfrontiert.  Der Podcast soll der Pflege authentisch eine Stimme geben.<\/p>\n\n\n\n<p>IN PROGRESS &#8211; Projekt in Planung. Der Podcast ist kein kommerzielles Projekt. <\/p>\n","protected":false},"excerpt":{"rendered":"<p>Hier folgt in k\u00fcrze der K\u00f6ln-M\u00fclheim bezogene Podcast. Der Podcast In unserem Podcast \u201eAusgesprochen Muellem\u201c bringt Henning G\u00fcnster vielf\u00e4ltigen Stimmen der Pflegewelt zusammen. Wir m\u00f6chten mit diesem Podcast ein Bewusstsein f\u00fcr die Themen Kultur, Gesellschaft und Gesundheit schaffen. Wir haben &hellip; <a href=\"https:\/\/ausgesprochen-muellem.de\/index.php\/drogenkauf\/\">Continue reading <span class=\"meta-nav\">&rarr;<\/span><\/a><\/p>\n","protected":false},"author":1,"featured_media":0,"parent":0,"menu_order":0,"comment_status":"closed","ping_status":"closed","template":"","meta":{"footnotes":""},"class_list":["post-92","page","type-page","status-publish","hentry"],"_links":{"self":[{"href":"https:\/\/ausgesprochen-muellem.de\/index.php\/wp-json\/wp\/v2\/pages\/92","targetHints":{"allow":["GET"]}}],"collection":[{"href":"https:\/\/ausgesprochen-muellem.de\/index.php\/wp-json\/wp\/v2\/pages"}],"about":[{"href":"https:\/\/ausgesprochen-muellem.de\/index.php\/wp-json\/wp\/v2\/types\/page"}],"author":[{"embeddable":true,"href":"https:\/\/ausgesprochen-muellem.de\/index.php\/wp-json\/wp\/v2\/users\/1"}],"replies":[{"embeddable":true,"href":"https:\/\/ausgesprochen-muellem.de\/index.php\/wp-json\/wp\/v2\/comments?post=92"}],"version-history":[{"count":9,"href":"https:\/\/ausgesprochen-muellem.de\/index.php\/wp-json\/wp\/v2\/pages\/92\/revisions"}],"predecessor-version":[{"id":116,"href":"https:\/\/ausgesprochen-muellem.de\/index.php\/wp-json\/wp\/v2\/pages\/92\/revisions\/116"}],"wp:attachment":[{"href":"https:\/\/ausgesprochen-muellem.de\/index.php\/wp-json\/wp\/v2\/media?parent=92"}],"curies":[{"name":"wp","href":"https:\/\/api.w.org\/{rel}","templated":true}]}}